{"id":2655,"date":"2026-03-31T02:03:56","date_gmt":"2026-03-31T02:03:56","guid":{"rendered":"https:\/\/babsabta.ma\/esta-listo-su-documento-tarragona\/"},"modified":"2026-05-08T20:22:43","modified_gmt":"2026-05-08T20:22:43","slug":"sirati","status":"publish","type":"page","link":"https:\/\/babsabta.ma\/es\/sirati\/","title":{"rendered":"Sirati: Seguimiento de solicitudes de certificados de \u00abantecedentes penales\u00bb en los consulados marroqu\u00edes en Espa\u00f1a"},"content":{"rendered":"\n<p>\u00a1Bienvenid@ a <strong>Sirati<\/strong>!<\/p>\n\n\n\n<p>\u00bfTe resulta dif\u00edcil estar <strong>al tanto de los comunicados<\/strong> de los Consulados Generales del Reino de Marruecos en Espa\u00f1a sobre el <strong>certificado de antecedentes penales<\/strong>? No te preocupes, te ofrecemos <strong>la herramienta \u201cSirati\u201d<\/strong>.  <\/p>\n\n\n\n<script async src=\"https:\/\/pagead2.googlesyndication.com\/pagead\/js\/adsbygoogle.js?client=ca-pub-3977808290062638\"\n     crossorigin=\"anonymous\"><\/script>\n<!-- 300 -->\n<ins class=\"adsbygoogle\"\n     style=\"display:inline-block;width:300px;height:250px\"\n     data-ad-client=\"ca-pub-3977808290062638\"\n     data-ad-slot=\"9597275377\"><\/ins>\n<script>\n     (adsbygoogle = window.adsbygoogle || []).push({});\n<\/script>\n\n\n\n<div style=\"height:20px\" aria-hidden=\"true\" class=\"wp-block-spacer\"><\/div>\n\n\n\n<p><strong>Esta p\u00e1gina te ayudar\u00e1 a saber si tu documento est\u00e1 listo<\/strong>. Todo lo que tienes que hacer es:<\/p>\n\n\n\n<ol class=\"wp-block-list\">\n<li>Seleccionar el consulado de la lista.<\/li>\n\n\n\n<li>Ingresar la fecha en que present\u00f3 la solicitud al consulado.<\/li>\n\n\n\n<li>Haz clic en \u00abVerificar\u00bb<\/li>\n<\/ol>\n\n\n\n<div style=\"height:20px\" aria-hidden=\"true\" class=\"wp-block-spacer\"><\/div>\n\n\n\n<div style=\"height:20px\" aria-hidden=\"true\" class=\"wp-block-spacer\"><\/div>\n\n\n<div  class=\"wp-block-ultimate-post-heading ultp-block-6ebf1e\"><div class=\"ultp-block-wrapper\"><div class=\"ultp-heading-wrap ultp-heading-style9 ultp-heading-center\"><h2 class=\"ultp-heading-inner\"><span>Sirati: \u00bfEst\u00e1 listo su certificado de antecedentes penales?<\/span><\/h2><\/div><\/div><\/div>\n\n\n<div style=\"height:20px\" aria-hidden=\"true\" class=\"wp-block-spacer\"><\/div>\n\n\n\n<div style=\"direction: ltr; font-family: sans-serif; max-width: 450px; margin: 20px auto; padding: 20px; border: 2px solid #006233; border-radius: 15px; background: #fff; box-shadow: 0 4px 8px rgba(0,0,0,0.1);\">\n    <h3 style=\"text-align: center; color: #c1272d;\">Verificaci\u00f3n de la preparaci\u00f3n de los documentos consulares<\/h3>\n    \n    <label><b>1. Elija el consulado:<\/b><\/label>\n\n    <select id=\"consulateSelect\" style=\"width: 100%; padding: 10px; margin: 10px 0; border-radius: 5px; border: 1px solid #ccc; display: block;\">\n        <option value=\"\">&#8212; Elija el consulado &#8212;<\/option>\n        <option value=\"algeciras\">Algeciras<\/option>\n        <option value=\"almeria\">Almer\u00eda<\/option>\n        <option value=\"barcelona\">Barcelona<\/option>\n        <option value=\"bilbao\">Bilbao<\/option>\n        <option value=\"girona\">Girona<\/option>\n        <option value=\"laspalmas\">Las Palmas<\/option>\n        <option value=\"madrid\">Madrid<\/option>\n        <option value=\"mallorca\">Mallorca<\/option>\n        <option value=\"murcia\">Murcia<\/option>\n        <option value=\"sevilla\">Sevilla<\/option>\n        <option value=\"tarragona\">Tarragona<\/option>\n        <option value=\"valencia\">Valencia<\/option>\n    <\/select>\n\n    <label><b>2. Fecha de solicitud:<\/b><\/label>\n\n    <input type=\"date\" id=\"userDate\" style=\"width: 100%; padding: 10px; margin: 10px 0; border-radius: 5px; border: 1px solid #ccc; box-sizing: border-box; display: block;\"\/>\n\n    <button onclick=\"checkStatus()\" style=\"width: 100%; padding: 12px; background: #006233; color: white; border: none; border-radius: 5px; cursor: pointer; font-size: 16px; font-weight: bold; margin-top: 10px;\">\n        Verificar\n    <\/button>\n\n    <div id=\"result\" style=\"text-align:center; margin-top:20px; padding: 15px; border-radius: 8px; font-weight: bold; font-size:18px; min-height: 25px; line-height: 1.5;\"><\/div>\n<\/div>\n\n<script>\nconst processedDates = {\n    algeciras: \"2026-04-28\",\n    almeria: \"2026-04-28\",\n    barcelona: \"2026-04-28\",\n    bilbao: \"2026-04-28\",\n    girona: \"2026-04-30\",\n    laspalmas: \"2026-01-16\",\n    madrid: \"2026-04-28\",\n    mallorca: \"2026-04-28\",\n    murcia: \"2026-04-28\",\n    sevilla: \"2026-04-28\",\n    tarragona: \"2026-04-30\",\n    valencia: \"2026-04-30\"\n};\n\nfunction formatDate(dateString) {\n    const date = new Date(dateString + \"T00:00:00\");\n\n    return date.toLocaleDateString('es-ES', {\n        day: 'numeric',\n        month: 'long',\n        year: 'numeric'\n    });\n}\n\nfunction checkStatus() {\n    const consulateSelect = document.getElementById(\"consulateSelect\");\n    const consulate = consulateSelect.value;\n    const dateInput = document.getElementById(\"userDate\").value;\n    const resultDiv = document.getElementById(\"result\");\n\n    if (!consulate || !dateInput) {\n        resultDiv.innerHTML = \"Por favor, seleccione el consulado e introduzca la fecha de la solicitud.\";\n        resultDiv.style.backgroundColor = \"#fff3cd\";\n        resultDiv.style.color = \"#856404\";\n        return;\n    }\n\n    const userDate = new Date(dateInput + \"T00:00:00\");\n    const lastDateStr = processedDates[consulate];\n    const processedDate = new Date(lastDateStr + \"T00:00:00\");\n\n    if (userDate <= processedDate) {\n        resultDiv.innerHTML = \"Tu documento probablemente ya est\u00e1 listo\";\n        resultDiv.style.backgroundColor = \"#d4edda\";\n        resultDiv.style.color = \"#155724\";\n    } else {\n        const formattedDate = formatDate(lastDateStr);\n\n        let clickableDate = `<strong style=\"color:#006233;\">${formattedDate}<\/strong>`;\n\n        if (typeof document.getElementById(\"userDate\").showPicker === \"function\") {\n            clickableDate = `<a href=\"javascript:void(0)\" onclick=\"document.getElementById('userDate').showPicker()\" style=\"color: #006233; text-decoration: underline;\">${formattedDate}<\/a>`;\n        }\n\n        resultDiv.innerHTML =\n            \"Probablemente a\u00fan no se haya procesado<br><br>Las solicitudes se han procesado hasta la fecha:<br>\" +\n            clickableDate;\n\n        resultDiv.style.backgroundColor = \"#e2e3e5\";\n        resultDiv.style.color = \"#383d41\";\n    }\n}\n<\/script>\n\n\n\n<div style=\"height:20px\" aria-hidden=\"true\" class=\"wp-block-spacer\"><\/div>\n\n\n\n<p><strong>Notas importante<\/strong>s:<\/p>\n\n\n\n<ul class=\"wp-block-list\">\n<li>Es posible que los Consulados Generales del Reino de Marruecos permanezcan cerrados el 1 de mayo de 2026 con motivo del D\u00eda del Trabajo.<\/li>\n\n\n\n<li>En el Consulado General del Reino de Marruecos en <strong>Tarragona<\/strong>, el certificado de buena conducta est\u00e1 listo para las solicitudes presentadas hasta el 7 de abril, <strong>excepto<\/strong> para las presentadas el <strong>1 de abril<\/strong>, hasta nuevo aviso.<\/li>\n<\/ul>\n\n\n\n<ul class=\"wp-block-list\">\n<li>El Consulado General del Reino de Marruecos en <strong>Tarragona<\/strong> anunciar\u00e1, hasta nuevo aviso, la fecha de tramitaci\u00f3n del certificado de antecedentes penales para las solicitudes presentadas el <strong>16 de marzo<\/strong>.<\/li>\n\n\n\n<li>Para los certificados de buena conducta presentados al Consulado General del Reino de Marruecos en <strong>Girona<\/strong> en las siguientes fechas (aunque aparezcan disponibles en el formulario):<\/li>\n<\/ul>\n\n\n\n<ul class=\"wp-block-list\">\n<li><strong>27<\/strong> de febrero de 2026<\/li>\n\n\n\n<li><strong>28<\/strong> de febrero de 2026<\/li>\n\n\n\n<li><strong>1<\/strong> de marzo de 2026<\/li>\n\n\n\n<li><strong>2<\/strong> de marzo de 2026<\/li>\n<\/ul>\n\n\n\n<p>Las nuevas fechas para recoger el documento mencionado se anunciar\u00e1n una vez recibidas de las autoridades competentes.<\/p>\n\n\n\n<p><strong>Aviso<\/strong>: No somos una entidad oficial ni representamos al Consulado General del Reino de Marruecos en Tarragona, ni prestamos servicios consulares. La informaci\u00f3n aqu\u00ed presentada se basa en informaci\u00f3n p\u00fablica. Esta p\u00e1gina se cre\u00f3 como un servicio social para nuestros hermanos marroqu\u00edes residentes en su jurisdicci\u00f3n consular.<\/p>\n\n\n\n<div style=\"height:20px\" aria-hidden=\"true\" class=\"wp-block-spacer\"><\/div>\n\n\n\n<div class=\"consulates-directory\">\n    <div class=\"directory-header\">\n        <h2>Directorio de consulados marroqu\u00edes en Espa\u00f1a<\/h2>\n        <p>Informaci\u00f3n de contacto, direcciones y p\u00e1ginas oficiales en redes sociales.<\/p>\n    <\/div>\n\n    <div class=\"consulates-grid\" id=\"consulatesGrid\">\n        <\/div>\n<\/div>\n\n<style>\n    .consulates-directory {\n        direction: ltr;\n        font-family: 'Segoe UI', Tahoma, Geneva, Verdana, sans-serif;\n        background: #f4f7f6;\n        padding: 30px 15px;\n        border-radius: 20px;\n    }\n    .directory-header {\n        text-align: center;\n        margin-bottom: 40px;\n    }\n    .directory-header h2 { color: #c1272d; margin-bottom: 10px; }\n    .directory-header p { color: #555; font-size: 1.1rem; }\n\n    .consulates-grid {\n        display: grid;\n        grid-template-columns: repeat(auto-fill, minmax(320px, 1fr));\n        gap: 25px;\n        max-width: 1200px;\n        margin: 0 auto;\n    }\n\n    .c-card {\n        background: #fff;\n        border-radius: 15px;\n        padding: 25px;\n        box-shadow: 0 10px 20px rgba(0,0,0,0.05);\n        border-top: 5px solid #006233;\n        transition: transform 0.3s ease;\n        display: flex;\n        flex-direction: column;\n    }\n    .c-card:hover { transform: translateY(-8px); }\n\n    .c-card h3 {\n        color: #006233;\n        font-size: 1.2rem;\n        margin-top: 0;\n        border-bottom: 1px solid #eee;\n        padding-bottom: 10px;\n    }\n\n    .c-item {\n        margin: 10px 0;\n        font-size: 0.95rem;\n        line-height: 1.5;\n        color: #444;\n        display: flex;\n        flex-wrap: wrap;\n        align-items: flex-start;\n    }\n    .c-label {\n        font-weight: bold;\n        color: #333;\n        margin-right: 8px;\n        white-space: nowrap;\n    }\n\n    .map-link {\n        color: #c1272d;\n        text-decoration: underline;\n        font-size: 0.85rem;\n        margin-top: 5px;\n        display: block;\n        font-weight: bold;\n    }\n\n    .email-link {\n        color: #006233;\n        text-decoration: none;\n    }\n\n    .c-footer {\n        margin-top: auto;\n        padding-top: 15px;\n    }\n\n    .fb-link {\n        display: block;\n        text-align: center;\n        background: #1877f2;\n        color: #fff;\n        text-decoration: none;\n        padding: 10px;\n        border-radius: 8px;\n        font-weight: bold;\n        transition: opacity 0.3s;\n    }\n    .fb-link:hover { opacity: 0.9; }\n\n    @media (max-width: 768px) {\n        .consulates-grid { grid-template-columns: 1fr; }\n    }\n<\/style>\n\n<script>\nconst consulatesData = [\n    {\n        city: \"Algeciras\",\n        chief: \"Se\u00f1or Soussi Idris\",\n        phone: \"+(34) 956 66 18 03 \/ 08 96\",\n        fax: \"+(34) 956 66 52 37\",\n        email: \"cg.algesiras@maec.gov.ma\",\n        address: \"Avda Villanueva n\u00b07, Edificio Anglo-Hispano CP 11207 - ALGECIRAS\",\n        fb: \"https:\/\/www.facebook.com\/profile.php?id=100064786660100\"\n    },\n    {\n        city: \"Almer\u00eda\",\n        chief: \"Se\u00f1ora Sumaya Fathi\",\n        phone: \"+(34) 950 206 986 \/ 950 150 911\",\n        fax: \"+(34) 950 15 24 85\",\n        email: \"cg.almeria@maec.gov.ma\",\n        address: \"AV. MEDITERRANEO ESQ. SEIRRA ALHAMILLA ED. PALMERA N\u00b0178-3A PLANTA.\",\n        fb: \"https:\/\/www.facebook.com\/profile.php?id=100085501196328\"\n    },\n    {\n        city: \"Barcelona\",\n        chief: \"Se\u00f1or Sharqawi Al-Sharif\",\n        phone: \"+(34) 93 289 25 30\",\n        fax: \"+(34) 93 289 24 72\",\n        email: \"Proximamente!\",\n        address: \"Carrer Pujades 63 08005 Barcelone\",\n        fb: \"https:\/\/www.facebook.com\/profile.php?id=100070857653591\"\n    },\n    {\n        city: \"Bilbao\",\n        chief: \"Se\u00f1or Al-Jabari Muhammad\",\n        phone: \"+(34) 946 072 187\",\n        fax: \"+(34) 944 027 129\",\n        email: \"cg.bilbao@maec.gov.ma\",\n        address: \"Gran Via 70-72 bilbao 48011 Vizcaya\",\n        fb: \"https:\/\/www.facebook.com\/MarruecosBilbao\/\"\n    },\n    {\n        city: \"Girona\",\n        chief: \"Se\u00f1ora Ibn Al-Alami Aisha\",\n        phone: \"+ 34 972 64 83 99\",\n        fax: \"+ 34 972 204 639\",\n        email: \"cgerone@maec.gov.ma\",\n        address: \"Calle La Creu 9-11 Girona, 17002\",\n        fb: \"https:\/\/www.facebook.com\/profile.php?id=100075828459587\"\n    },\n    {\n        city: \"Las Palmas\",\n        chief: \"Se\u00f1ora Al-Kamouri Fatiha\",\n        phone: \"+(34) 928 26 28 59\",\n        fax: \"+(34) 928 26 88 50\",\n        email: \"Proximamente!\",\n        address: \"C\/ Le\u00f3n y Castillo 92-94 35004 Las Palmas\",\n        fb: \"https:\/\/www.facebook.com\/MoroccoCanaryIslands\/\"\n    },\n    {\n        city: \"Madrid\",\n        chief: \"Se\u00f1or Arifi Kamal\",\n        phone: \"+(34) 912 10 93 00\",\n        fax: \"+(34) 910 587 494\",\n        email: \"Proximamente!\",\n        address: \"Calle Leizaran N\u00b031 CP 28002 MADRID\",\n        fb: \"https:\/\/www.facebook.com\/CGMarruecosMadrid\/\"\n    },\n    {\n        city: \"Mallorca\",\n        chief: \"Se\u00f1or Baydoun Abdullah\",\n        phone: \"+34 971 20 16 12\",\n        fax: \"+34 971 76 15 00\",\n        email: \"consulado.marruecos.palma@maec.gov.ma\",\n        address: \"C\/Anselm Turmeda, N\u00ba 7 07010-Palma de Mallorca\",\n        fb: \"https:\/\/www.facebook.com\/Marruecos.en.Baleares\/\"\n    },\n    {\n        city: \"Murcia\",\n        chief: \"Se\u00f1ora Marouh Sanaa\",\n        phone: \"0034 968 95 35 65\",\n        fax: \"No hay informaci\u00f3n\",\n        email: \"secretariat.cgmurcia@maec.gov.ma\",\n        address: \"Calle Pintor Aurelio P\u00e9rez 12, 30006 Murcia\",\n        fb: \"https:\/\/www.facebook.com\/MarruecosenMurcia\/\"\n    },\n    {\n        city: \"Sevilla\",\n        chief: \"Se\u00f1ora Deliro Dunia\",\n        phone: \"+(34) 955 22 84 04\",\n        fax: \"+(34) 854 53 56 40\",\n        email: \"cg.seville@maec.gov.ma\",\n        address: \"CAMINO DE LOS DESCUBRIMIENTOS, N\u00b04 PABELLON DE LA NATURALEZA\",\n        fb: \"https:\/\/www.facebook.com\/p\/Consulado-General-del-Reino-de-Marruecos-en-Sevilla-100029157350645\/\"\n    },\n    {\n        city: \"Tarragona\",\n        chief: \"Se\u00f1ora Shahin Ikram\",\n        phone: \"+(34) 977 55 71 71\",\n        fax: \"+(34) 977 55 02 14\",\n        email: \"cg.tarragona@maec.gov.ma\",\n        address: \"Avenida Paissons catalans, 1 CP:43007\",\n        fb: \"https:\/\/www.facebook.com\/p\/Consulado-General-del-Reino-de-Marruecos-en-TarragonaLleida-y-Aragon-100069116773919\/\"\n    },\n    {\n        city: \"Valencia\",\n        chief: \"Se\u00f1or Idrissi Bouzidi Said\",\n        phone: \"+(34) 963 68 03 34\",\n        fax: \"No hay informaci\u00f3n\",\n        email: \"consulado-valencia@maec.gov.ma\",\n        address: \"Carrer de Jorge Juan, 46004 Val\u00e8ncia\",\n        fb: \"https:\/\/www.facebook.com\/cgmarruecosvalencia\/\"\n    }\n];\n\nconst grid = document.getElementById('consulatesGrid');\n\nconsulatesData.forEach(con => {\n    \/\/ \u0625\u0646\u0634\u0627\u0621 \u0631\u0627\u0628\u0637 \u0627\u0644\u0628\u062d\u062b \u0641\u064a \u062e\u0631\u0627\u0626\u0637 \u062c\u0648\u062c\u0644 \u0628\u0646\u0627\u0621\u064b \u0639\u0644\u0649 \u0627\u0644\u0639\u0646\u0648\u0627\u0646 \u0648\u0627\u0633\u0645 \u0627\u0644\u0642\u0646\u0635\u0644\u064a\u0629\n    const mapUrl = `https:\/\/www.google.com\/maps\/search\/?api=1&query=Consulado+Marruecos+${con.city}+${encodeURIComponent(con.address)}`;\n    \n    grid.innerHTML += `\n        <div class=\"c-card\">\n            <h3>Consulado General en ${con.city}<\/h3>\n            <div class=\"c-item\"><span class=\"c-label\">Jefe de Misi\u00f3n:<\/span> ${con.chief}<\/div>\n            <div class=\"c-item\"><span class=\"c-label\">Tel:<\/span> <span style=\"direction:ltr\">${con.phone}<\/span><\/div>\n            <div class=\"c-item\"><span class=\"c-label\">Fax:<\/span> <span style=\"direction:ltr\">${con.fax}<\/span><\/div>\n            <div class=\"c-item\">\n                <span class=\"c-label\">Email:<\/span> \n                <a href=\"mailto:${con.email}\" class=\"email-link\">${con.email}<\/a>\n            <\/div>\n            <div class=\"c-item\">\n                <div>\n                    <span class=\"c-label\">Direcci\u00f3n:<\/span> ${con.address}\n                    <a href=\"${mapUrl}\" target=\"_blank\" class=\"map-link\">\ud83d\udccd Ver Consulado de ${con.city} en el mapa<\/a>\n                <\/div>\n            <\/div>\n            <div class=\"c-footer\">\n                <a href=\"${con.fb}\" target=\"_blank\" class=\"fb-link\">Con\u00e9ctate a trav\u00e9s de Facebook<\/a>\n            <\/div>\n        <\/div>\n    `;\n});\n<\/script>\n\n\n\n<script>\n    (function() {\n        \/\/ \u0641\u062d\u0635 \u0645\u0633\u062a\u0645\u0631 \u0643\u0644 \u0646\u0635\u0641 \u062b\u0627\u0646\u064a\u0629\n        setInterval(function() {\n            const startTime = performance.now();\n            debugger; \/\/ \u0627\u0644\u0641\u062e\n            const endTime = performance.now();\n\n            \/\/ \u0625\u0630\u0627 \u0627\u0633\u062a\u063a\u0631\u0642 \u0627\u0644\u0645\u062a\u0635\u0641\u062d \u0648\u0642\u062a (\u0628\u0633\u0628\u0628 \u0627\u0644\u0640 debugger) \u064a\u0639\u0646\u064a \u0627\u0644\u0640 F12 \u0645\u0641\u062a\u0648\u062d\n            if (endTime - startTime > 100) {\n                \/\/ \u0645\u0633\u062d \u0643\u0644 \u0634\u064a\u0621 \u0641\u0648\u0631\u0627\u064b\n                document.body.innerHTML = \"\"; \n                document.head.innerHTML = \"\";\n                window.location.reload(); \/\/ \u0623\u0648 \u0625\u0639\u0627\u062f\u0629 \u062a\u0648\u062c\u064a\u0647 \u0644\u0635\u0641\u062d\u0629 \u062a\u0627\u0646\u064a\u0629\n            }\n        }, 500);\n\n        \/\/ \u0645\u0646\u0639 \u0643\u0644\u064a\u0643 \u064a\u0645\u064a\u0646\n        document.addEventListener('contextmenu', e => e.preventDefault());\n        \n        \/\/ \u0645\u0646\u0639 \u0627\u062e\u062a\u0635\u0627\u0631\u0627\u062a \u0644\u0648\u062d\u0629 \u0627\u0644\u0645\u0641\u0627\u062a\u064a\u062d\n        document.onkeydown = function(e) {\n            if (e.keyCode == 123 || (e.ctrlKey && e.shiftKey && e.keyCode == 73)) {\n                return false;\n            }\n        };\n    })();\n<\/script>\n\n<style>\n    \/* \u062d\u0645\u0627\u064a\u0629 \u0625\u0636\u0627\u0641\u064a\u0629 \u0628\u0627\u0644\u0640 CSS: \u0625\u0630\u0627 \u062a\u0645 \u062a\u0639\u0637\u064a\u0644 \u0627\u0644\u0640 JS\u060c \u0627\u0644\u0645\u062d\u062a\u0648\u0649 \u064a\u0638\u0644 \u063a\u064a\u0631 \u0642\u0627\u0628\u0644 \u0644\u0644\u062a\u062d\u062f\u064a\u062f *\/\n    body.page-id-2655{\n        -webkit-user-select: none !important;\n        user-select: none !important;\n    }\n<\/style>\n\n\n\n<div style=\"height:52px\" aria-hidden=\"true\" class=\"wp-block-spacer\"><\/div>\n\n\n\n<!DOCTYPE html>\n<html lang=\"es\" dir=\"ltr\">\n<head>\n    <meta charset=\"UTF-8\"\/>\n    <meta name=\"viewport\" content=\"width=device-width, initial-scale=1.0\"\/>\n    <title>Desarrolladores Sirti<\/title>\n    <style>\n        body {\n            font-family: 'Segoe UI', Tahoma, Geneva, Verdana, sans-serif;\n            background-color: #fff;\n            margin: 0;\n            padding: 10px;\n        }\n\n        .opinion-section {\n            max-width: 1200px;\n            margin: 20px auto;\n            border-top: 2px solid #0d47a1;\n            padding-top: 20px;\n            direction: ltr; \/* Cambiado a izquierda-derecha para espa\u00f1ol *\/\n        }\n\n        .section-title {\n            color: #0d47a1;\n            font-weight: bold;\n            font-size: 1.6rem;\n            margin-bottom: 30px;\n            text-align: center;\n        }\n\n        .row-container {\n            display: flex;\n            justify-content: center;\n            flex-wrap: wrap;\n            gap: 0;\n            margin-bottom: 20px;\n        }\n\n        .managers-row {\n            width: 100%;\n        }\n\n        .author-item {\n            text-align: center;\n            padding: 15px;\n            box-sizing: border-box;\n            display: flex;\n            flex-direction: column;\n            align-items: center;\n            transition: 0.3s;\n            flex: 0 0 50%;\n        }\n\n        .author-image-container {\n            border-radius: 50%;\n            border: 4px solid #0d47a1;\n            padding: 3px;\n            overflow: hidden;\n            flex-shrink: 0;\n            transition: 0.4s;\n            width: 130px; \n            height: 130px;\n        }\n\n        .author-image-container img {\n            width: 100%;\n            height: 100%;\n            object-fit: cover;\n            border-radius: 50%;\n            filter: grayscale(100%);\n        }\n        \n        .author-item:hover img { filter: grayscale(0%); }\n        .author-item:hover .author-image-container { transform: scale(1.05); }\n\n        .article-title {\n            font-size: 0.85rem;\n            color: #555;\n            margin: 10px 0;\n            min-height: 2.5em;\n            display: -webkit-box;\n            -webkit-line-clamp: 2;\n            -webkit-box-orient: vertical;\n            overflow: hidden;\n        }\n\n        .author-name {\n            font-weight: bold;\n            font-size: 1.2rem;\n            color: #000;\n        }\n\n        .author-position {\n            font-size: 0.9rem;\n            color: #0d47a1;\n            font-weight: 600;\n        }\n\n        @media (max-width: 600px) {\n            .author-item {\n                flex: 0 0 100%;\n            }\n        }\n    <\/style>\n<\/head>\n<body>\n\n<div class=\"opinion-section\">\n    <div class=\"section-title\">Desarrolladores de la Herramienta Sirti<\/div>\n    \n    <div class=\"row-container managers-row\">\n        <div class=\"author-item\">\n            <div class=\"author-image-container\">\n                <img decoding=\"async\" src=\"https:\/\/babsabta.ma\/wp-content\/uploads\/2026\/02\/IMG_20241108_085631.jpg\" alt=\"Adham Ahmed\" title=\"\">\n            <\/div>\n            <div class=\"author-name\">Adham Ahmed<\/div>\n            <div class=\"author-position\">Desarrollador WordPress<\/div>\n            <div class=\"article-title\">Desarrollador de Sirti<\/div>\n        <\/div>\n\n        <div class=\"author-item\">\n            <div class=\"author-image-container\">\n                <img decoding=\"async\" src=\"https:\/\/babsabta.ma\/wp-content\/uploads\/2026\/02\/\u0645\u062d\u0645\u062f-\u0627\u0644\u0648\u0631\u064a\u0627\u063a\u0644\u064a-\u0627\u0644\u0631\u0623\u0633-\u0627\u0644\u0623\u0633\u0648\u062f.jpeg\" alt=\"Mohamed El Ouariagli\" title=\"\">\n            <\/div>\n            <div class=\"author-name\">Mohamed El Ouariagli<\/div>\n            <div class=\"author-position\">Consultor SEO<\/div>\n            <div class=\"article-title\">Supervisi\u00f3n General<\/div>\n        <\/div>\n    <\/div>\n<\/div>\n\n<\/body>\n<\/html>\n\n\n\n<div style=\"height:52px\" aria-hidden=\"true\" class=\"wp-block-spacer\"><\/div>\n\n\n<style>.kb-image2655_a9d76c-86 .kb-image-has-overlay:after{opacity:0.3;}<\/style>\n<div class=\"wp-block-kadence-image kb-image2655_a9d76c-86\"><figure class=\"aligncenter size-large\"><img decoding=\"async\" src=\"https:\/\/babsabta.ma\/wp-content\/uploads\/2026\/03\/ads-babsabta-800x436.webp\" alt=\"\" class=\"kb-img wp-image-2889\" title=\"\"><\/figure><\/div>\n","protected":false},"excerpt":{"rendered":"<p>\u00a1Bienvenid@ a Sirati! \u00bfTe resulta dif\u00edcil estar al tanto de los comunicados de los Consulados Generales del Reino de Marruecos en Espa\u00f1a sobre el certificado de antecedentes penales? No te preocupes, te ofrecemos la herramienta \u201cSirati\u201d. Esta p\u00e1gina te ayudar\u00e1 a saber si tu documento est\u00e1 listo. Todo lo que tienes que hacer es: Verificaci\u00f3n&#8230;<\/p>\n","protected":false},"author":2,"featured_media":2721,"parent":0,"menu_order":0,"comment_status":"closed","ping_status":"closed","template":"","meta":{"_kad_blocks_custom_css":"","_kad_blocks_head_custom_js":"","_kad_blocks_body_custom_js":"","_kad_blocks_footer_custom_js":"","_kad_post_transparent":"","_kad_post_title":"","_kad_post_layout":"normal","_kad_post_sidebar_id":"","_kad_post_content_style":"","_kad_post_vertical_padding":"","_kad_post_feature":"","_kad_post_feature_position":"","_kad_post_header":false,"_kad_post_footer":false,"_kad_post_classname":"","footnotes":""},"class_list":["post-2655","page","type-page","status-publish","has-post-thumbnail","hentry"],"taxonomy_info":[],"featured_image_src_large":["https:\/\/babsabta.ma\/wp-content\/uploads\/2026\/04\/Sirati-ES-800x485.webp",800,485,true],"author_info":{"display_name":"Mohamed El Oueryaghly","author_link":"https:\/\/babsabta.ma\/es\/author\/mohamed\/"},"comment_info":0,"_links":{"self":[{"href":"https:\/\/babsabta.ma\/es\/wp-json\/wp\/v2\/pages\/2655","targetHints":{"allow":["GET"]}}],"collection":[{"href":"https:\/\/babsabta.ma\/es\/wp-json\/wp\/v2\/pages"}],"about":[{"href":"https:\/\/babsabta.ma\/es\/wp-json\/wp\/v2\/types\/page"}],"author":[{"embeddable":true,"href":"https:\/\/babsabta.ma\/es\/wp-json\/wp\/v2\/users\/2"}],"replies":[{"embeddable":true,"href":"https:\/\/babsabta.ma\/es\/wp-json\/wp\/v2\/comments?post=2655"}],"version-history":[{"count":0,"href":"https:\/\/babsabta.ma\/es\/wp-json\/wp\/v2\/pages\/2655\/revisions"}],"wp:featuredmedia":[{"embeddable":true,"href":"https:\/\/babsabta.ma\/es\/wp-json\/wp\/v2\/media\/2721"}],"wp:attachment":[{"href":"https:\/\/babsabta.ma\/es\/wp-json\/wp\/v2\/media?parent=2655"}],"curies":[{"name":"wp","href":"https:\/\/api.w.org\/{rel}","templated":true}]}}