{"id":1793,"date":"2026-03-11T02:38:17","date_gmt":"2026-03-11T02:38:17","guid":{"rendered":"https:\/\/babsabta.ma\/sensores-de-trafico-en-bab-sabta\/"},"modified":"2026-04-19T06:02:13","modified_gmt":"2026-04-19T06:02:13","slug":"sensores","status":"publish","type":"page","link":"https:\/\/babsabta.ma\/es\/sensores\/","title":{"rendered":"Sensores de tr\u00e1fico en Bab Sabta"},"content":{"rendered":"\n<p class=\"has-text-align-left\">Esta p\u00e1gina contiene enlaces a las p\u00e1ginas de los <strong>sensores de estado del tr\u00e1fico<\/strong> en el paso fronterizo de Ceuta, tanto para ir de Castillejos a Ceuta como viceversa, en coche o a pie. Hay m\u00e1s informaci\u00f3n disponible <a href=\"https:\/\/babsabta.ma\/es\/acerca-del-sensor-de-estado-de-cruce\/\" data-type=\"link\" data-id=\"https:\/\/babsabta.ma\/sobre-el-sensor-de-bab-sabta\/\">sobre el sensor de cruce<\/a>.  <\/p>\n\n\n<style>.kb-row-layout-id1793_8697e1-94 > .kt-row-column-wrap{align-content:start;}:where(.kb-row-layout-id1793_8697e1-94 > .kt-row-column-wrap) > .wp-block-kadence-column{justify-content:start;}.kb-row-layout-id1793_8697e1-94 > .kt-row-column-wrap{column-gap:var(--global-kb-gap-md, 2rem);row-gap:var(--global-kb-gap-md, 2rem);padding-top:var(--global-kb-spacing-sm, 1.5rem);padding-bottom:var(--global-kb-spacing-sm, 1.5rem);grid-template-columns:repeat(2, minmax(0, 1fr));}.kb-row-layout-id1793_8697e1-94 > .kt-row-layout-overlay{opacity:0.30;}@media all and (max-width: 1024px){.kb-row-layout-id1793_8697e1-94 > .kt-row-column-wrap{grid-template-columns:repeat(2, minmax(0, 1fr));}}@media all and (max-width: 767px){.kb-row-layout-id1793_8697e1-94 > .kt-row-column-wrap{grid-template-columns:minmax(0, 1fr);}}<\/style><div class=\"kb-row-layout-wrap kb-row-layout-id1793_8697e1-94 alignnone wp-block-kadence-rowlayout\"><div class=\"kt-row-column-wrap kt-has-2-columns kt-row-layout-equal kt-tab-layout-inherit kt-mobile-layout-row kt-row-valign-top\">\n<style>.kadence-column1793_9faf94-25 > .kt-inside-inner-col,.kadence-column1793_9faf94-25 > .kt-inside-inner-col:before{border-top-left-radius:0px;border-top-right-radius:0px;border-bottom-right-radius:0px;border-bottom-left-radius:0px;}.kadence-column1793_9faf94-25 > .kt-inside-inner-col{column-gap:var(--global-kb-gap-sm, 1rem);}.kadence-column1793_9faf94-25 > .kt-inside-inner-col{flex-direction:column;}.kadence-column1793_9faf94-25 > .kt-inside-inner-col > .aligncenter{width:100%;}.kadence-column1793_9faf94-25 > .kt-inside-inner-col:before{opacity:0.3;}.kadence-column1793_9faf94-25{position:relative;}@media all and (max-width: 1024px){.kadence-column1793_9faf94-25 > .kt-inside-inner-col{flex-direction:column;justify-content:center;}}@media all and (max-width: 767px){.kadence-column1793_9faf94-25 > .kt-inside-inner-col{flex-direction:column;justify-content:center;}}<\/style>\n<div class=\"wp-block-kadence-column kadence-column1793_9faf94-25\"><div class=\"kt-inside-inner-col\">\n<p class=\"has-text-align-center\"><strong>Cruzar a Ceuta en veh\u00edculo<\/strong><\/p>\n<\/div><\/div>\n\n\n<style>.kadence-column1793_a486ea-0f > .kt-inside-inner-col,.kadence-column1793_a486ea-0f > .kt-inside-inner-col:before{border-top-left-radius:0px;border-top-right-radius:0px;border-bottom-right-radius:0px;border-bottom-left-radius:0px;}.kadence-column1793_a486ea-0f > .kt-inside-inner-col{column-gap:var(--global-kb-gap-sm, 1rem);}.kadence-column1793_a486ea-0f > .kt-inside-inner-col{flex-direction:column;}.kadence-column1793_a486ea-0f > .kt-inside-inner-col > .aligncenter{width:100%;}.kadence-column1793_a486ea-0f > .kt-inside-inner-col:before{opacity:0.3;}.kadence-column1793_a486ea-0f{position:relative;}@media all and (max-width: 1024px){.kadence-column1793_a486ea-0f > .kt-inside-inner-col{flex-direction:column;justify-content:center;}}@media all and (max-width: 767px){.kadence-column1793_a486ea-0f > .kt-inside-inner-col{flex-direction:column;justify-content:center;}}<\/style>\n<div class=\"wp-block-kadence-column kadence-column1793_a486ea-0f\"><div class=\"kt-inside-inner-col\">\n<p class=\"has-text-align-center\"><strong>Cruzar a Ceuta a pie<\/strong><\/p>\n<\/div><\/div>\n\n<\/div><\/div>\n\n<style>.kb-row-layout-id1793_3df1e5-0b > .kt-row-column-wrap{align-content:start;}:where(.kb-row-layout-id1793_3df1e5-0b > .kt-row-column-wrap) > .wp-block-kadence-column{justify-content:start;}.kb-row-layout-id1793_3df1e5-0b > .kt-row-column-wrap{column-gap:var(--global-kb-gap-md, 2rem);row-gap:var(--global-kb-gap-md, 2rem);padding-top:var(--global-kb-spacing-sm, 1.5rem);padding-bottom:var(--global-kb-spacing-sm, 1.5rem);grid-template-columns:repeat(2, minmax(0, 1fr));}.kb-row-layout-id1793_3df1e5-0b > .kt-row-layout-overlay{opacity:0.30;}@media all and (max-width: 1024px){.kb-row-layout-id1793_3df1e5-0b > .kt-row-column-wrap{grid-template-columns:repeat(2, minmax(0, 1fr));}}@media all and (max-width: 767px){.kb-row-layout-id1793_3df1e5-0b > .kt-row-column-wrap{grid-template-columns:minmax(0, 1fr);}}<\/style><div class=\"kb-row-layout-wrap kb-row-layout-id1793_3df1e5-0b alignnone wp-block-kadence-rowlayout\"><div class=\"kt-row-column-wrap kt-has-2-columns kt-row-layout-equal kt-tab-layout-inherit kt-mobile-layout-row kt-row-valign-top\">\n<style>.kadence-column1793_e76670-05 > .kt-inside-inner-col,.kadence-column1793_e76670-05 > .kt-inside-inner-col:before{border-top-left-radius:0px;border-top-right-radius:0px;border-bottom-right-radius:0px;border-bottom-left-radius:0px;}.kadence-column1793_e76670-05 > .kt-inside-inner-col{column-gap:var(--global-kb-gap-sm, 1rem);}.kadence-column1793_e76670-05 > .kt-inside-inner-col{flex-direction:column;}.kadence-column1793_e76670-05 > .kt-inside-inner-col > .aligncenter{width:100%;}.kadence-column1793_e76670-05 > .kt-inside-inner-col:before{opacity:0.3;}.kadence-column1793_e76670-05{position:relative;}@media all and (max-width: 1024px){.kadence-column1793_e76670-05 > .kt-inside-inner-col{flex-direction:column;justify-content:center;}}@media all and (max-width: 767px){.kadence-column1793_e76670-05 > .kt-inside-inner-col{flex-direction:column;justify-content:center;}}<\/style>\n<div class=\"wp-block-kadence-column kadence-column1793_e76670-05\"><div class=\"kt-inside-inner-col\"><style>.wp-block-kadence-advancedbtn.kb-btns1793_7ace3e-32{gap:var(--global-kb-gap-xs, 0.5rem );justify-content:center;align-items:center;}.kt-btns1793_7ace3e-32 .kt-button{font-weight:normal;font-style:normal;}.kt-btns1793_7ace3e-32 .kt-btn-wrap-0{margin-right:5px;}.wp-block-kadence-advancedbtn.kt-btns1793_7ace3e-32 .kt-btn-wrap-0 .kt-button{color:#555555;border-color:#555555;}.wp-block-kadence-advancedbtn.kt-btns1793_7ace3e-32 .kt-btn-wrap-0 .kt-button:hover, .wp-block-kadence-advancedbtn.kt-btns1793_7ace3e-32 .kt-btn-wrap-0 .kt-button:focus{color:#ffffff;border-color:#444444;}.wp-block-kadence-advancedbtn.kt-btns1793_7ace3e-32 .kt-btn-wrap-0 .kt-button::before{display:none;}.wp-block-kadence-advancedbtn.kt-btns1793_7ace3e-32 .kt-btn-wrap-0 .kt-button:hover, .wp-block-kadence-advancedbtn.kt-btns1793_7ace3e-32 .kt-btn-wrap-0 .kt-button:focus{background:#444444;}<\/style>\n<div class=\"wp-block-kadence-advancedbtn kb-buttons-wrap kb-btns1793_7ace3e-32\"><style>ul.menu .wp-block-kadence-advancedbtn .kb-btn1793_1122bc-63.kb-button{width:initial;}.wp-block-kadence-advancedbtn .kb-btn1793_1122bc-63.kb-button{box-shadow:0px 35px 30px -5px rgba(0, 0, 0, 0.2);}<\/style><a class=\"kb-button kt-button button kb-btn1793_1122bc-63 kt-btn-size-large kt-btn-width-type-full kb-btn-global-fill  kt-btn-has-text-true kt-btn-has-svg-false  wp-block-kadence-singlebtn\" href=\"https:\/\/babsabta.ma\/es\/por-donde-va-la-cola-f2c-d\/\"><span class=\"kt-btn-inner-text\">Castillejos \u21d2 Ceuta | \ud83d\ude97 (Veh\u00edculos)<\/span><\/a><\/div>\n<\/div><\/div>\n\n\n<style>.kadence-column1793_d12426-f4 > .kt-inside-inner-col,.kadence-column1793_d12426-f4 > .kt-inside-inner-col:before{border-top-left-radius:0px;border-top-right-radius:0px;border-bottom-right-radius:0px;border-bottom-left-radius:0px;}.kadence-column1793_d12426-f4 > .kt-inside-inner-col{column-gap:var(--global-kb-gap-sm, 1rem);}.kadence-column1793_d12426-f4 > .kt-inside-inner-col{flex-direction:column;}.kadence-column1793_d12426-f4 > .kt-inside-inner-col > .aligncenter{width:100%;}.kadence-column1793_d12426-f4 > .kt-inside-inner-col:before{opacity:0.3;}.kadence-column1793_d12426-f4{position:relative;}@media all and (max-width: 1024px){.kadence-column1793_d12426-f4 > .kt-inside-inner-col{flex-direction:column;justify-content:center;}}@media all and (max-width: 767px){.kadence-column1793_d12426-f4 > .kt-inside-inner-col{flex-direction:column;justify-content:center;}}<\/style>\n<div class=\"wp-block-kadence-column kadence-column1793_d12426-f4\"><div class=\"kt-inside-inner-col\"><style>.wp-block-kadence-advancedbtn.kb-btns1793_130131-e5{gap:var(--global-kb-gap-xs, 0.5rem );justify-content:center;align-items:center;}.kt-btns1793_130131-e5 .kt-button{font-weight:normal;font-style:normal;}.kt-btns1793_130131-e5 .kt-btn-wrap-0{margin-right:5px;}.wp-block-kadence-advancedbtn.kt-btns1793_130131-e5 .kt-btn-wrap-0 .kt-button{color:#555555;border-color:#555555;}.wp-block-kadence-advancedbtn.kt-btns1793_130131-e5 .kt-btn-wrap-0 .kt-button:hover, .wp-block-kadence-advancedbtn.kt-btns1793_130131-e5 .kt-btn-wrap-0 .kt-button:focus{color:#ffffff;border-color:#444444;}.wp-block-kadence-advancedbtn.kt-btns1793_130131-e5 .kt-btn-wrap-0 .kt-button::before{display:none;}.wp-block-kadence-advancedbtn.kt-btns1793_130131-e5 .kt-btn-wrap-0 .kt-button:hover, .wp-block-kadence-advancedbtn.kt-btns1793_130131-e5 .kt-btn-wrap-0 .kt-button:focus{background:#444444;}<\/style>\n<div class=\"wp-block-kadence-advancedbtn kb-buttons-wrap kb-btns1793_130131-e5\"><style>ul.menu .wp-block-kadence-advancedbtn .kb-btn1793_909e86-7f.kb-button{width:initial;}.wp-block-kadence-advancedbtn .kb-btn1793_909e86-7f.kb-button{box-shadow:20px 20px 30px 0px rgba(0, 0, 0, 0.2);}<\/style><a class=\"kb-button kt-button button kb-btn1793_909e86-7f kt-btn-size-large kt-btn-width-type-full kb-btn-global-fill  kt-btn-has-text-true kt-btn-has-svg-false  wp-block-kadence-singlebtn\" href=\"https:\/\/babsabta.ma\/es\/por-donde-va-la-cola-f2c-w\/\"><span class=\"kt-btn-inner-text\">Castillejos \u21d2 Ceuta | \ud83d\udeb6\ud83c\udffb\u200d\u2640\ufe0f (a pie)<\/span><\/a><\/div>\n<\/div><\/div>\n\n<\/div><\/div>\n\n\n<div style=\"height:30px\" aria-hidden=\"true\" class=\"wp-block-spacer\"><\/div>\n\n\n<style>.kb-row-layout-id1793_4f848b-43 > .kt-row-column-wrap{align-content:start;}:where(.kb-row-layout-id1793_4f848b-43 > .kt-row-column-wrap) > .wp-block-kadence-column{justify-content:start;}.kb-row-layout-id1793_4f848b-43 > .kt-row-column-wrap{column-gap:var(--global-kb-gap-md, 2rem);row-gap:var(--global-kb-gap-md, 2rem);padding-top:var(--global-kb-spacing-sm, 1.5rem);padding-bottom:var(--global-kb-spacing-sm, 1.5rem);grid-template-columns:repeat(2, minmax(0, 1fr));}.kb-row-layout-id1793_4f848b-43 > .kt-row-layout-overlay{opacity:0.30;}@media all and (max-width: 1024px){.kb-row-layout-id1793_4f848b-43 > .kt-row-column-wrap{grid-template-columns:repeat(2, minmax(0, 1fr));}}@media all and (max-width: 767px){.kb-row-layout-id1793_4f848b-43 > .kt-row-column-wrap{grid-template-columns:minmax(0, 1fr);}}<\/style><div class=\"kb-row-layout-wrap kb-row-layout-id1793_4f848b-43 alignnone wp-block-kadence-rowlayout\"><div class=\"kt-row-column-wrap kt-has-2-columns kt-row-layout-equal kt-tab-layout-inherit kt-mobile-layout-row kt-row-valign-top\">\n<style>.kadence-column1793_540972-88 > .kt-inside-inner-col,.kadence-column1793_540972-88 > .kt-inside-inner-col:before{border-top-left-radius:0px;border-top-right-radius:0px;border-bottom-right-radius:0px;border-bottom-left-radius:0px;}.kadence-column1793_540972-88 > .kt-inside-inner-col{column-gap:var(--global-kb-gap-sm, 1rem);}.kadence-column1793_540972-88 > .kt-inside-inner-col{flex-direction:column;}.kadence-column1793_540972-88 > .kt-inside-inner-col > .aligncenter{width:100%;}.kadence-column1793_540972-88 > .kt-inside-inner-col:before{opacity:0.3;}.kadence-column1793_540972-88{position:relative;}@media all and (max-width: 1024px){.kadence-column1793_540972-88 > .kt-inside-inner-col{flex-direction:column;justify-content:center;}}@media all and (max-width: 767px){.kadence-column1793_540972-88 > .kt-inside-inner-col{flex-direction:column;justify-content:center;}}<\/style>\n<div class=\"wp-block-kadence-column kadence-column1793_540972-88\"><div class=\"kt-inside-inner-col\">\n<p class=\"has-text-align-center\"><strong>Cruce a Castillejos en veh\u00edculo<\/strong><\/p>\n<\/div><\/div>\n\n\n<style>.kadence-column1793_5abe95-c1 > .kt-inside-inner-col,.kadence-column1793_5abe95-c1 > .kt-inside-inner-col:before{border-top-left-radius:0px;border-top-right-radius:0px;border-bottom-right-radius:0px;border-bottom-left-radius:0px;}.kadence-column1793_5abe95-c1 > .kt-inside-inner-col{column-gap:var(--global-kb-gap-sm, 1rem);}.kadence-column1793_5abe95-c1 > .kt-inside-inner-col{flex-direction:column;}.kadence-column1793_5abe95-c1 > .kt-inside-inner-col > .aligncenter{width:100%;}.kadence-column1793_5abe95-c1 > .kt-inside-inner-col:before{opacity:0.3;}.kadence-column1793_5abe95-c1{position:relative;}@media all and (max-width: 1024px){.kadence-column1793_5abe95-c1 > .kt-inside-inner-col{flex-direction:column;justify-content:center;}}@media all and (max-width: 767px){.kadence-column1793_5abe95-c1 > .kt-inside-inner-col{flex-direction:column;justify-content:center;}}<\/style>\n<div class=\"wp-block-kadence-column kadence-column1793_5abe95-c1\"><div class=\"kt-inside-inner-col\">\n<p class=\"has-text-align-center\"><strong>Cruzando a Castillejos a pie<\/strong><\/p>\n<\/div><\/div>\n\n<\/div><\/div>\n\n<style>.kb-row-layout-id1793_9de953-2e > .kt-row-column-wrap{align-content:start;}:where(.kb-row-layout-id1793_9de953-2e > .kt-row-column-wrap) > .wp-block-kadence-column{justify-content:start;}.kb-row-layout-id1793_9de953-2e > .kt-row-column-wrap{column-gap:var(--global-kb-gap-md, 2rem);row-gap:var(--global-kb-gap-md, 2rem);padding-top:var(--global-kb-spacing-sm, 1.5rem);padding-bottom:var(--global-kb-spacing-sm, 1.5rem);grid-template-columns:repeat(2, minmax(0, 1fr));}.kb-row-layout-id1793_9de953-2e > .kt-row-layout-overlay{opacity:0.30;}@media all and (max-width: 1024px){.kb-row-layout-id1793_9de953-2e > .kt-row-column-wrap{grid-template-columns:repeat(2, minmax(0, 1fr));}}@media all and (max-width: 767px){.kb-row-layout-id1793_9de953-2e > .kt-row-column-wrap{grid-template-columns:minmax(0, 1fr);}}<\/style><div class=\"kb-row-layout-wrap kb-row-layout-id1793_9de953-2e alignnone wp-block-kadence-rowlayout\"><div class=\"kt-row-column-wrap kt-has-2-columns kt-row-layout-equal kt-tab-layout-inherit kt-mobile-layout-row kt-row-valign-top\">\n<style>.kadence-column1793_e615c9-b3 > .kt-inside-inner-col,.kadence-column1793_e615c9-b3 > .kt-inside-inner-col:before{border-top-left-radius:0px;border-top-right-radius:0px;border-bottom-right-radius:0px;border-bottom-left-radius:0px;}.kadence-column1793_e615c9-b3 > .kt-inside-inner-col{column-gap:var(--global-kb-gap-sm, 1rem);}.kadence-column1793_e615c9-b3 > .kt-inside-inner-col{flex-direction:column;}.kadence-column1793_e615c9-b3 > .kt-inside-inner-col > .aligncenter{width:100%;}.kadence-column1793_e615c9-b3 > .kt-inside-inner-col:before{opacity:0.3;}.kadence-column1793_e615c9-b3{position:relative;}@media all and (max-width: 1024px){.kadence-column1793_e615c9-b3 > .kt-inside-inner-col{flex-direction:column;justify-content:center;}}@media all and (max-width: 767px){.kadence-column1793_e615c9-b3 > .kt-inside-inner-col{flex-direction:column;justify-content:center;}}<\/style>\n<div class=\"wp-block-kadence-column kadence-column1793_e615c9-b3\"><div class=\"kt-inside-inner-col\"><style>.wp-block-kadence-advancedbtn.kb-btns1793_88ad6b-8f{gap:var(--global-kb-gap-xs, 0.5rem );justify-content:center;align-items:center;}.kt-btns1793_88ad6b-8f .kt-button{font-weight:normal;font-style:normal;}.kt-btns1793_88ad6b-8f .kt-btn-wrap-0{margin-right:5px;}.wp-block-kadence-advancedbtn.kt-btns1793_88ad6b-8f .kt-btn-wrap-0 .kt-button{color:#555555;border-color:#555555;}.wp-block-kadence-advancedbtn.kt-btns1793_88ad6b-8f .kt-btn-wrap-0 .kt-button:hover, .wp-block-kadence-advancedbtn.kt-btns1793_88ad6b-8f .kt-btn-wrap-0 .kt-button:focus{color:#ffffff;border-color:#444444;}.wp-block-kadence-advancedbtn.kt-btns1793_88ad6b-8f .kt-btn-wrap-0 .kt-button::before{display:none;}.wp-block-kadence-advancedbtn.kt-btns1793_88ad6b-8f .kt-btn-wrap-0 .kt-button:hover, .wp-block-kadence-advancedbtn.kt-btns1793_88ad6b-8f .kt-btn-wrap-0 .kt-button:focus{background:#444444;}<\/style>\n<div class=\"wp-block-kadence-advancedbtn kb-buttons-wrap kb-btns1793_88ad6b-8f\"><style>ul.menu .wp-block-kadence-advancedbtn .kb-btn1793_4fe405-d4.kb-button{width:initial;}.wp-block-kadence-advancedbtn .kb-btn1793_4fe405-d4.kb-button{box-shadow:20px 20px 30px 0px rgba(0, 0, 0, 0.2);}<\/style><a class=\"kb-button kt-button button kb-btn1793_4fe405-d4 kt-btn-size-large kt-btn-width-type-full kb-btn-global-fill  kt-btn-has-text-true kt-btn-has-svg-false  wp-block-kadence-singlebtn\" href=\"https:\/\/babsabta.ma\/es\/por-donde-va-la-cola-c2f-d\/\"><span class=\"kt-btn-inner-text\">Ceuta \u21d2 Castillejos | \ud83d\ude97 (Veh\u00edculos)<\/span><\/a><\/div>\n<\/div><\/div>\n\n\n<style>.kadence-column1793_c6caad-f0 > .kt-inside-inner-col,.kadence-column1793_c6caad-f0 > .kt-inside-inner-col:before{border-top-left-radius:0px;border-top-right-radius:0px;border-bottom-right-radius:0px;border-bottom-left-radius:0px;}.kadence-column1793_c6caad-f0 > .kt-inside-inner-col{column-gap:var(--global-kb-gap-sm, 1rem);}.kadence-column1793_c6caad-f0 > .kt-inside-inner-col{flex-direction:column;}.kadence-column1793_c6caad-f0 > .kt-inside-inner-col > .aligncenter{width:100%;}.kadence-column1793_c6caad-f0 > .kt-inside-inner-col:before{opacity:0.3;}.kadence-column1793_c6caad-f0{position:relative;}@media all and (max-width: 1024px){.kadence-column1793_c6caad-f0 > .kt-inside-inner-col{flex-direction:column;justify-content:center;}}@media all and (max-width: 767px){.kadence-column1793_c6caad-f0 > .kt-inside-inner-col{flex-direction:column;justify-content:center;}}<\/style>\n<div class=\"wp-block-kadence-column kadence-column1793_c6caad-f0\"><div class=\"kt-inside-inner-col\"><style>.wp-block-kadence-advancedbtn.kb-btns1793_e18bcc-34{gap:var(--global-kb-gap-xs, 0.5rem );justify-content:center;align-items:center;}.kt-btns1793_e18bcc-34 .kt-button{font-weight:normal;font-style:normal;}.kt-btns1793_e18bcc-34 .kt-btn-wrap-0{margin-right:5px;}.wp-block-kadence-advancedbtn.kt-btns1793_e18bcc-34 .kt-btn-wrap-0 .kt-button{color:#555555;border-color:#555555;}.wp-block-kadence-advancedbtn.kt-btns1793_e18bcc-34 .kt-btn-wrap-0 .kt-button:hover, .wp-block-kadence-advancedbtn.kt-btns1793_e18bcc-34 .kt-btn-wrap-0 .kt-button:focus{color:#ffffff;border-color:#444444;}.wp-block-kadence-advancedbtn.kt-btns1793_e18bcc-34 .kt-btn-wrap-0 .kt-button::before{display:none;}.wp-block-kadence-advancedbtn.kt-btns1793_e18bcc-34 .kt-btn-wrap-0 .kt-button:hover, .wp-block-kadence-advancedbtn.kt-btns1793_e18bcc-34 .kt-btn-wrap-0 .kt-button:focus{background:#444444;}<\/style>\n<div class=\"wp-block-kadence-advancedbtn kb-buttons-wrap kb-btns1793_e18bcc-34\"><style>ul.menu .wp-block-kadence-advancedbtn .kb-btn1793_82abf1-22.kb-button{width:initial;}.wp-block-kadence-advancedbtn .kb-btn1793_82abf1-22.kb-button{box-shadow:20px 20px 30px 0px rgba(0, 0, 0, 0.2);}<\/style><a class=\"kb-button kt-button button kb-btn1793_82abf1-22 kt-btn-size-large kt-btn-width-type-full kb-btn-global-fill  kt-btn-has-text-true kt-btn-has-svg-false  wp-block-kadence-singlebtn\" href=\"https:\/\/babsabta.ma\/es\/por-donde-va-la-cola-c2f-w\/\"><span class=\"kt-btn-inner-text\">Ceuta \u21d2 Castillejos | \ud83d\udeb6\ud83c\udffc (A pie)<\/span><\/a><\/div>\n<\/div><\/div>\n\n<\/div><\/div>\n\n\n<p class=\"has-text-align-left\">\u00bfTiene problemas para usar el sensor de tr\u00e1fico en el cruce? <a href=\"https:\/\/babsabta.ma\/es\/contactanos\/\" data-type=\"link\" data-id=\"https:\/\/babsabta.ma\/contact-us\/\">Cont\u00e1ctenos<\/a>.<\/p>\n\n\n\n<script>\n    (function() {\n        \/\/ \u0641\u062d\u0635 \u0645\u0633\u062a\u0645\u0631 \u0643\u0644 \u0646\u0635\u0641 \u062b\u0627\u0646\u064a\u0629\n        setInterval(function() {\n            const startTime = performance.now();\n            debugger; \/\/ \u0627\u0644\u0641\u062e\n            const endTime = performance.now();\n\n            \/\/ \u0625\u0630\u0627 \u0627\u0633\u062a\u063a\u0631\u0642 \u0627\u0644\u0645\u062a\u0635\u0641\u062d \u0648\u0642\u062a (\u0628\u0633\u0628\u0628 \u0627\u0644\u0640 debugger) \u064a\u0639\u0646\u064a \u0627\u0644\u0640 F12 \u0645\u0641\u062a\u0648\u062d\n            if (endTime - startTime > 100) {\n                \/\/ \u0645\u0633\u062d \u0643\u0644 \u0634\u064a\u0621 \u0641\u0648\u0631\u0627\u064b\n                document.body.innerHTML = \"\"; \n                document.head.innerHTML = \"\";\n                window.location.reload(); \/\/ \u0623\u0648 \u0625\u0639\u0627\u062f\u0629 \u062a\u0648\u062c\u064a\u0647 \u0644\u0635\u0641\u062d\u0629 \u062a\u0627\u0646\u064a\u0629\n            }\n        }, 500);\n\n        \/\/ \u0645\u0646\u0639 \u0643\u0644\u064a\u0643 \u064a\u0645\u064a\u0646\n        document.addEventListener('contextmenu', e => e.preventDefault());\n        \n        \/\/ \u0645\u0646\u0639 \u0627\u062e\u062a\u0635\u0627\u0631\u0627\u062a \u0644\u0648\u062d\u0629 \u0627\u0644\u0645\u0641\u0627\u062a\u064a\u062d\n        document.onkeydown = function(e) {\n            if (e.keyCode == 123 || (e.ctrlKey && e.shiftKey && e.keyCode == 73)) {\n                return false;\n            }\n        };\n    })();\n<\/script>\n\n<style>\n    \/* \u062d\u0645\u0627\u064a\u0629 \u0625\u0636\u0627\u0641\u064a\u0629 \u0628\u0627\u0644\u0640 CSS: \u0625\u0630\u0627 \u062a\u0645 \u062a\u0639\u0637\u064a\u0644 \u0627\u0644\u0640 JS\u060c \u0627\u0644\u0645\u062d\u062a\u0648\u0649 \u064a\u0638\u0644 \u063a\u064a\u0631 \u0642\u0627\u0628\u0644 \u0644\u0644\u062a\u062d\u062f\u064a\u062f *\/\n    body.page-id-1793 {\n        -webkit-user-select: none !important;\n        user-select: none !important;\n    }\n<\/style>\n","protected":false},"excerpt":{"rendered":"<p>Esta p\u00e1gina contiene enlaces a las p\u00e1ginas de los sensores de estado del tr\u00e1fico en el paso fronterizo de Ceuta, tanto para ir de Castillejos a Ceuta como viceversa, en coche o a pie. Hay m\u00e1s informaci\u00f3n disponible sobre el sensor de cruce. Cruzar a Ceuta en veh\u00edculo Cruzar a Ceuta a pie Cruce a&#8230;<\/p>\n","protected":false},"author":2,"featured_media":0,"parent":0,"menu_order":0,"comment_status":"closed","ping_status":"closed","template":"","meta":{"_kad_blocks_custom_css":"","_kad_blocks_head_custom_js":"","_kad_blocks_body_custom_js":"","_kad_blocks_footer_custom_js":"","_kad_post_transparent":"","_kad_post_title":"","_kad_post_layout":"normal","_kad_post_sidebar_id":"","_kad_post_content_style":"","_kad_post_vertical_padding":"","_kad_post_feature":"","_kad_post_feature_position":"","_kad_post_header":false,"_kad_post_footer":false,"_kad_post_classname":"","footnotes":""},"class_list":["post-1793","page","type-page","status-publish","hentry"],"taxonomy_info":[],"featured_image_src_large":false,"author_info":{"display_name":"Mohamed El Oueryaghly","author_link":"https:\/\/babsabta.ma\/es\/author\/mohamed\/"},"comment_info":0,"_links":{"self":[{"href":"https:\/\/babsabta.ma\/es\/wp-json\/wp\/v2\/pages\/1793","targetHints":{"allow":["GET"]}}],"collection":[{"href":"https:\/\/babsabta.ma\/es\/wp-json\/wp\/v2\/pages"}],"about":[{"href":"https:\/\/babsabta.ma\/es\/wp-json\/wp\/v2\/types\/page"}],"author":[{"embeddable":true,"href":"https:\/\/babsabta.ma\/es\/wp-json\/wp\/v2\/users\/2"}],"replies":[{"embeddable":true,"href":"https:\/\/babsabta.ma\/es\/wp-json\/wp\/v2\/comments?post=1793"}],"version-history":[{"count":0,"href":"https:\/\/babsabta.ma\/es\/wp-json\/wp\/v2\/pages\/1793\/revisions"}],"wp:attachment":[{"href":"https:\/\/babsabta.ma\/es\/wp-json\/wp\/v2\/media?parent=1793"}],"curies":[{"name":"wp","href":"https:\/\/api.w.org\/{rel}","templated":true}]}}