{"id":1573,"date":"2026-02-13T22:38:35","date_gmt":"2026-02-13T22:38:35","guid":{"rendered":"https:\/\/babsabta.ma\/contactanos\/"},"modified":"2026-04-20T09:33:39","modified_gmt":"2026-04-20T09:33:39","slug":"contactanos","status":"publish","type":"page","link":"https:\/\/babsabta.ma\/es\/contactanos\/","title":{"rendered":"Cont\u00e1ctanos"},"content":{"rendered":"\n<p>Si tiene alguna pregunta o busca ayuda con respecto al sitio, o desea contactarnos sobre derechos de autor, etc., puede completar este <strong>formulario de contacto<\/strong> y nos aseguraremos de comunicarnos con usted pronto:   <\/p>\n\n\n<style>.kb-row-layout-id1573_14197a-06 > .kt-row-column-wrap{align-content:start;}:where(.kb-row-layout-id1573_14197a-06 > .kt-row-column-wrap) > .wp-block-kadence-column{justify-content:start;}.kb-row-layout-id1573_14197a-06 > .kt-row-column-wrap{column-gap:var(--global-kb-gap-none, 0rem );row-gap:var(--global-kb-gap-md, 2rem);max-width:948px;margin-left:auto;margin-right:auto;padding-top:var(--global-kb-spacing-xl, 4rem);padding-bottom:var(--global-kb-spacing-xxl, 5rem);grid-template-columns:minmax(0, 1fr);}.kb-row-layout-id1573_14197a-06 > .kt-row-layout-overlay{opacity:0.30;}.kb-row-layout-id1573_14197a-06 ,.kb-row-layout-id1573_14197a-06 h1,.kb-row-layout-id1573_14197a-06 h2,.kb-row-layout-id1573_14197a-06 h3,.kb-row-layout-id1573_14197a-06 h4,.kb-row-layout-id1573_14197a-06 h5,.kb-row-layout-id1573_14197a-06 h6{color:var(--global-palette3, #1A202C);}.kb-row-layout-id1573_14197a-06 a{color:var(--global-palette1, #3182CE);}.kb-row-layout-id1573_14197a-06 a:hover{color:var(--global-palette2, #2B6CB0);}@media all and (max-width: 1024px){.kb-row-layout-id1573_14197a-06 > .kt-row-column-wrap{row-gap:var(--global-kb-gap-sm, 1rem);grid-template-columns:minmax(0, 1fr);}}@media all and (max-width: 767px){.kb-row-layout-id1573_14197a-06 > .kt-row-column-wrap{row-gap:var(--global-kb-gap-sm, 1rem);grid-template-columns:minmax(0, 1fr);}}<\/style><div class=\"kb-row-layout-wrap kb-row-layout-id1573_14197a-06 alignfull has-theme-palette9-background-color kt-row-has-bg wp-block-kadence-rowlayout\"><div class=\"kt-row-column-wrap kt-has-2-columns kt-row-layout-row kt-tab-layout-row kt-mobile-layout-row kt-row-valign-top\">\n<style>.kadence-column1573_41f835-fb > .kt-inside-inner-col,.kadence-column1573_41f835-fb > .kt-inside-inner-col:before{border-top-left-radius:0px;border-top-right-radius:0px;border-bottom-right-radius:0px;border-bottom-left-radius:0px;}.kadence-column1573_41f835-fb > .kt-inside-inner-col{column-gap:var(--global-kb-gap-sm, 1rem);}.kadence-column1573_41f835-fb > .kt-inside-inner-col{flex-direction:column;}.kadence-column1573_41f835-fb > .kt-inside-inner-col > .aligncenter{width:100%;}.kadence-column1573_41f835-fb > .kt-inside-inner-col:before{opacity:0.3;}.kadence-column1573_41f835-fb{position:relative;}@media all and (max-width: 1024px){.kadence-column1573_41f835-fb > .kt-inside-inner-col{flex-direction:column;justify-content:center;}}@media all and (max-width: 767px){.kadence-column1573_41f835-fb > .kt-inside-inner-col{flex-direction:column;justify-content:center;}}<\/style>\n<div class=\"wp-block-kadence-column kadence-column1573_41f835-fb inner-column-1\"><div class=\"kt-inside-inner-col\"><style>.wp-block-kadence-advancedheading.kt-adv-heading1573_3910ba-e2, .wp-block-kadence-advancedheading.kt-adv-heading1573_3910ba-e2[data-kb-block=\"kb-adv-heading1573_3910ba-e2\"]{margin-bottom:var(--global-kb-spacing-lg, 3rem);text-align:center;font-size:var(--global-kb-font-size-xl, 3rem);line-height:1.2;font-style:normal;}.wp-block-kadence-advancedheading.kt-adv-heading1573_3910ba-e2 mark.kt-highlight, .wp-block-kadence-advancedheading.kt-adv-heading1573_3910ba-e2[data-kb-block=\"kb-adv-heading1573_3910ba-e2\"] mark.kt-highlight{font-style:normal;color:#f76a0c;-webkit-box-decoration-break:clone;box-decoration-break:clone;padding-top:0px;padding-right:0px;padding-bottom:0px;padding-left:0px;}.wp-block-kadence-advancedheading.kt-adv-heading1573_3910ba-e2 img.kb-inline-image, .wp-block-kadence-advancedheading.kt-adv-heading1573_3910ba-e2[data-kb-block=\"kb-adv-heading1573_3910ba-e2\"] img.kb-inline-image{width:150px;vertical-align:baseline;}<\/style>\n<h2 class=\"kt-adv-heading1573_3910ba-e2 wp-block-kadence-advancedheading has-theme-palette-3-color has-text-color\" data-kb-block=\"kb-adv-heading1573_3910ba-e2\">Formulario de contacto<\/h2>\n\n\n\n<p class=\"has-text-align-center has-medium-font-size\">Tambi\u00e9n puede contactarnos por correo electr\u00f3nico a <strong>support@babsabta.ma<\/strong><\/p>\n\n\n\n<p class=\"has-text-align-center has-medium-font-size\">N\u00famero de tel\u00e9fono: +965 90951922<\/p>\n<\/div><\/div>\n\n\n<style>.kadence-column1573_20e0f9-d2 > .kt-inside-inner-col,.kadence-column1573_20e0f9-d2 > .kt-inside-inner-col:before{border-top-left-radius:0px;border-top-right-radius:0px;border-bottom-right-radius:0px;border-bottom-left-radius:0px;}.kadence-column1573_20e0f9-d2 > .kt-inside-inner-col{column-gap:var(--global-kb-gap-sm, 1rem);}.kadence-column1573_20e0f9-d2 > .kt-inside-inner-col{flex-direction:column;}.kadence-column1573_20e0f9-d2 > .kt-inside-inner-col > .aligncenter{width:100%;}.kadence-column1573_20e0f9-d2 > .kt-inside-inner-col:before{opacity:0.3;}.kadence-column1573_20e0f9-d2{position:relative;}@media all and (max-width: 1024px){.kadence-column1573_20e0f9-d2 > .kt-inside-inner-col{flex-direction:column;justify-content:center;}}@media all and (max-width: 767px){.kadence-column1573_20e0f9-d2 > .kt-inside-inner-col{flex-direction:column;justify-content:center;}}<\/style>\n<div class=\"wp-block-kadence-column kadence-column1573_20e0f9-d2 inner-column-2\"><div class=\"kt-inside-inner-col\"><style>.kadence-form-412_6cc189-c6 .kb-form .kadence-blocks-form-field{margin-bottom:24px;}.kadence-form-412_6cc189-c6 .kb-form .kadence-blocks-form-field{padding-right:12px;padding-left:12px;}.kadence-form-412_6cc189-c6 .kb-form{margin-right:-12px;margin-left:-12px;}.kadence-form-412_6cc189-c6 .kb-form .kadence-blocks-form-field label .required{color:var(--global-palette3, #1A202C);}.kadence-form-412_6cc189-c6 .kb-form .kadence-blocks-form-field .kb-text-style-field, .kadence-form-412_6cc189-c6 .kb-form .kadence-blocks-form-field .kb-select-style-field{color:var(--global-palette3, #1A202C);border-radius:0px;border-width:0px 0px 1px 0px;background:rgba(255, 255, 255, 0);border-color:var(--global-palette6, #718096);}.kadence-form-412_6cc189-c6 .kb-form .kadence-blocks-form-field > label{color:var(--global-palette3, #1A202C);font-size:var(--global-kb-font-size-sm, 0.9rem);text-transform:uppercase;}.kadence-form-412_6cc189-c6 .kb-form .kadence-blocks-form-field .kb-forms-submit{color:var(--global-palette3, #1A202C);border-radius:0px;border-width:1px 1px 1px 1px;background:var(--global-palette9, #ffffff);border-color:var(--global-palette3, #1A202C);}.kadence-form-412_6cc189-c6 .kb-form .kadence-blocks-form-field .kb-forms-submit{font-size:var(--global-kb-font-size-sm, 0.9rem);text-transform:uppercase;}.kadence-form-412_6cc189-c6 .kadence-blocks-form-warning{color:#e46565;border-color:rgba(0,0,0,0);background:rgba(0, 0, 0, 0);}.kadence-form-412_6cc189-c6 .kadence-blocks-form-message, .kadence-form-412_6cc189-c6 .kb-form-error-msg{font-size:var(--global-kb-font-size-sm, 0.9rem);}.kb-form input.kadence-blocks-field.verify{opacity:0.0;position:absolute;top:0.0;left:0.0;width:0.0;height:0.0;z-index:-1;}<\/style>\n<div class=\"wp-block-kadence-form kadence-form-412_6cc189-c6 kb-form-wrap\"><form class=\"kb-form\" action=\"\" method=\"post\"><div class=\"kadence-blocks-form-field kb-field-desk-width-50 kb-input-size-standard\"><label for=\"kb_field_412_6cc189-c6_0\">Nombre<span class=\"required\">*<\/span><\/label><input name=\"kb_field_0\" id=\"kb_field_412_6cc189-c6_0\" data-label=\"Nombre\" type=\"text\" placeholder=\"\" value=\"\" data-type=\"text\" class=\"kb-field kb-text-style-field kb-text-field kb-field-0\" data-required=\"yes\"\/><\/div><div class=\"kadence-blocks-form-field kb-form-field-1 kb-field-desk-width-50 kb-input-size-standard\"><label for=\"kb_field_412_6cc189-c6_1\">Apellido<\/label><input name=\"kb_field_1\" id=\"kb_field_412_6cc189-c6_1\" data-label=\"Apellido\" type=\"text\" placeholder=\"\" value=\"\" data-type=\"text\" class=\"kb-field kb-text-style-field kb-text-field kb-field-1\"\/><\/div><div class=\"kadence-blocks-form-field kb-form-field-2 kb-field-desk-width-100 kb-input-size-standard\"><label for=\"kb_field_412_6cc189-c6_2\">Correo electr\u00f3nico<span class=\"required\">*<\/span><\/label><input name=\"kb_field_2\" id=\"kb_field_412_6cc189-c6_2\" data-label=\"Correo electr&#xF3;nico\" type=\"email\" placeholder=\"\" value=\"\" data-type=\"email\" class=\"kb-field kb-text-style-field kb-email-field kb-field-2\" data-required=\"yes\"\/><\/div><div class=\"kadence-blocks-form-field kb-form-field-3 kb-field-desk-width-100 kb-input-size-standard\"><label for=\"kb_field_412_6cc189-c6_3\">Detalles<span class=\"required\">*<\/span><\/label><textarea name=\"kb_field_3\" id=\"kb_field_412_6cc189-c6_3\" data-label=\"Detalles\" type=\"textarea\" placeholder=\"\" data-type=\"textarea\" class=\"kb-field kb-text-style-field kb-textarea-field kb-field-3\" rows=\"4\" data-required=\"yes\"><\/textarea><\/div><input type=\"hidden\" name=\"_kb_form_id\" value=\"412_6cc189-c6\"\/><input type=\"hidden\" name=\"_kb_form_post_id\" value=\"1573\"\/><input type=\"hidden\" name=\"action\" value=\"kb_process_ajax_submit\"\/><label class=\"kadence-verify-label\">Email<input class=\"kadence-blocks-field verify\" type=\"text\" name=\"_kb_verify_email\" autocomplete=\"new-password\" aria-hidden=\"true\" placeholder=\"Email\" tabindex=\"-1\" data-1p-ignore=\"true\" data-lpignore=\"true\" \/><\/label><div class=\"kadence-blocks-form-field kb-submit-field kb-field-desk-width-100\"><button class=\"kb-forms-submit button kb-button-size-standard kb-button-width-auto\">Env\u00eda el mensaje<\/button><\/div><\/form><\/div>\n<noscript><div class=\"kadence-blocks-form-message kadence-blocks-form-warning\">Activar JavaScript en tu navegador para enviar el formulario<\/div><style>.kadence-form-412_6cc189-c6 .kadence-blocks-form-field.kb-submit-field { display: none; }<\/style><\/noscript><\/div><\/div>\n\n<\/div><\/div>","protected":false},"excerpt":{"rendered":"<p>Si tiene alguna pregunta o busca ayuda con respecto al sitio, o desea contactarnos sobre derechos de autor, etc., puede completar este formulario de contacto y nos aseguraremos de comunicarnos con usted pronto: Formulario de contacto Tambi\u00e9n puede contactarnos por correo electr\u00f3nico a support@babsabta.ma N\u00famero de tel\u00e9fono: +965 90951922<\/p>\n","protected":false},"author":2,"featured_media":0,"parent":0,"menu_order":0,"comment_status":"closed","ping_status":"closed","template":"","meta":{"_kad_blocks_custom_css":"","_kad_blocks_head_custom_js":"","_kad_blocks_body_custom_js":"","_kad_blocks_footer_custom_js":"","_kad_post_transparent":"","_kad_post_title":"","_kad_post_layout":"","_kad_post_sidebar_id":"","_kad_post_content_style":"","_kad_post_vertical_padding":"","_kad_post_feature":"","_kad_post_feature_position":"","_kad_post_header":false,"_kad_post_footer":false,"_kad_post_classname":"","footnotes":""},"class_list":["post-1573","page","type-page","status-publish","hentry"],"taxonomy_info":[],"featured_image_src_large":false,"author_info":{"display_name":"Mohamed El Oueryaghly","author_link":"https:\/\/babsabta.ma\/es\/author\/mohamed\/"},"comment_info":0,"_links":{"self":[{"href":"https:\/\/babsabta.ma\/es\/wp-json\/wp\/v2\/pages\/1573","targetHints":{"allow":["GET"]}}],"collection":[{"href":"https:\/\/babsabta.ma\/es\/wp-json\/wp\/v2\/pages"}],"about":[{"href":"https:\/\/babsabta.ma\/es\/wp-json\/wp\/v2\/types\/page"}],"author":[{"embeddable":true,"href":"https:\/\/babsabta.ma\/es\/wp-json\/wp\/v2\/users\/2"}],"replies":[{"embeddable":true,"href":"https:\/\/babsabta.ma\/es\/wp-json\/wp\/v2\/comments?post=1573"}],"version-history":[{"count":0,"href":"https:\/\/babsabta.ma\/es\/wp-json\/wp\/v2\/pages\/1573\/revisions"}],"wp:attachment":[{"href":"https:\/\/babsabta.ma\/es\/wp-json\/wp\/v2\/media?parent=1573"}],"curies":[{"name":"wp","href":"https:\/\/api.w.org\/{rel}","templated":true}]}}