{"id":1557,"date":"2026-02-12T19:21:42","date_gmt":"2026-02-12T19:21:42","guid":{"rendered":"https:\/\/babsabta.ma\/acerca-del-sitio-web-de-bab-sabta\/"},"modified":"2026-04-19T06:07:34","modified_gmt":"2026-04-19T06:07:34","slug":"acerca-del-sitio-web-de-bab-sabta","status":"publish","type":"page","link":"https:\/\/babsabta.ma\/es\/acerca-del-sitio-web-de-bab-sabta\/","title":{"rendered":"Acerca del sitio web de Bab Sabta"},"content":{"rendered":"\n<p>Bab Sabta (<a href=\"\/\">babsabta.ma<\/a>) es una plataforma electr\u00f3nica independiente que redefine la relaci\u00f3n del lector con el contenido digital. No solo informamos, sino que las analizamos, las deconstruimos y las contextualizamos.    <\/p>\n\n<p>El <strong>sitio web <a href=\"\/\">Bab Sabta<\/a><\/strong> ofrece contenidos anal\u00edticos, culturales, t\u00e9cnicos y sociales, extrayendo su material de <strong>fuentes oficiales<\/strong> y medios de comunicaci\u00f3n autorizados, y puede ser reformulado con una visi\u00f3n cr\u00edtica que se centre en cuestiones de inter\u00e9s com\u00fan en la regi\u00f3n. <\/p>\n\n<p>Creemos que cada noticia conlleva una historia m\u00e1s profunda y que cada acontecimiento merece un an\u00e1lisis que trascienda lo superficial. Por eso, trabajamos para transformar la informaci\u00f3n en conocimiento y las noticias en comprensi\u00f3n.   <\/p>\n\n<p><strong>Bab Sabta es una iniciativa individual completamente independiente<\/strong>, sin afiliaci\u00f3n a ning\u00fan organismo gubernamental o institucional. Nuestro \u00fanico compromiso es con el lector y con los est\u00e1ndares de credibilidad y objetividad.<\/p>\n\n<p>El sitio web de Bab Sebta ofrece contenido informativo que incluye:<\/p>\n\n<ul class=\"wp-block-list\">\n<li>Actualizaciones sobre la zona de espera dentro de la ciudad de Ceuta;<\/li>\n\n\n\n<li>Monitorear el tiempo aproximado de espera para cruzar la frontera, con actualizaciones peri\u00f3dicas del estado; <\/li>\n\n\n\n<li>Publicar noticias y anuncios oficiales relacionados con el punto de cruce.<\/li>\n\n\n\n<li>Alertas generales y pautas para ayudar a los viajeros a prepararse antes de su llegada.<\/li>\n<\/ul>\n\n<p>En <a href=\"\/\">Bab Sabta<\/a> apostamos por la neutralidad en la transmisi\u00f3n de la informaci\u00f3n, la claridad en la redacci\u00f3n y ofrecer contenidos orientados a servir al viajero y facilitar su acceso a la informaci\u00f3n disponible, sin adoptar posiciones pol\u00edticas ni representar a ninguna entidad oficial.   <\/p>\n\n<p>Toda la informaci\u00f3n publicada en este sitio web se proporciona \u00fanicamente con fines informativos y consultivos, y la situaci\u00f3n real puede cambiar en cualquier momento. Este sitio web no es una entidad oficial y no se responsabiliza de las decisiones tomadas con base en la informaci\u00f3n publicada. Puede encontrar m\u00e1s informaci\u00f3n sobre las Condiciones de Uso en el sitio web de Bab Sebta.    <\/p>\n\n<p>El sitio web de Bab Sebta ofrece p\u00e1ginas dedicadas a explicar c\u00f3mo manejar los datos de los usuarios, los t\u00e9rminos de uso del sitio y una p\u00e1gina para contactarnos para recibir comentarios, correcciones o consultas.  <\/p>\n","protected":false},"excerpt":{"rendered":"<p>Bab Sabta (babsabta.ma) es una plataforma electr\u00f3nica independiente que redefine la relaci\u00f3n del lector con el contenido digital. No solo informamos, sino que las analizamos, las deconstruimos y las contextualizamos. El sitio web Bab Sabta ofrece contenidos anal\u00edticos, culturales, t\u00e9cnicos y sociales, extrayendo su material de fuentes oficiales y medios de comunicaci\u00f3n autorizados, y puede&#8230;<\/p>\n","protected":false},"author":2,"featured_media":1556,"parent":0,"menu_order":0,"comment_status":"closed","ping_status":"closed","template":"","meta":{"_kad_blocks_custom_css":"","_kad_blocks_head_custom_js":"","_kad_blocks_body_custom_js":"","_kad_blocks_footer_custom_js":"","_kad_post_transparent":"","_kad_post_title":"","_kad_post_layout":"","_kad_post_sidebar_id":"","_kad_post_content_style":"","_kad_post_vertical_padding":"","_kad_post_feature":"","_kad_post_feature_position":"","_kad_post_header":false,"_kad_post_footer":false,"_kad_post_classname":"","footnotes":""},"class_list":["post-1557","page","type-page","status-publish","has-post-thumbnail","hentry"],"taxonomy_info":[],"featured_image_src_large":["https:\/\/babsabta.ma\/wp-content\/uploads\/2026\/02\/bab-abta-website-800x485.png",800,485,true],"author_info":{"display_name":"Mohamed El Oueryaghly","author_link":"https:\/\/babsabta.ma\/es\/author\/mohamed\/"},"comment_info":0,"_links":{"self":[{"href":"https:\/\/babsabta.ma\/es\/wp-json\/wp\/v2\/pages\/1557","targetHints":{"allow":["GET"]}}],"collection":[{"href":"https:\/\/babsabta.ma\/es\/wp-json\/wp\/v2\/pages"}],"about":[{"href":"https:\/\/babsabta.ma\/es\/wp-json\/wp\/v2\/types\/page"}],"author":[{"embeddable":true,"href":"https:\/\/babsabta.ma\/es\/wp-json\/wp\/v2\/users\/2"}],"replies":[{"embeddable":true,"href":"https:\/\/babsabta.ma\/es\/wp-json\/wp\/v2\/comments?post=1557"}],"version-history":[{"count":0,"href":"https:\/\/babsabta.ma\/es\/wp-json\/wp\/v2\/pages\/1557\/revisions"}],"wp:featuredmedia":[{"embeddable":true,"href":"https:\/\/babsabta.ma\/es\/wp-json\/wp\/v2\/media\/1556"}],"wp:attachment":[{"href":"https:\/\/babsabta.ma\/es\/wp-json\/wp\/v2\/media?parent=1557"}],"curies":[{"name":"wp","href":"https:\/\/api.w.org\/{rel}","templated":true}]}}